{"id":243,"date":"2026-04-24T16:42:46","date_gmt":"2026-04-24T16:42:46","guid":{"rendered":"https:\/\/verozmarketing.com\/?post_type=product&#038;p=243"},"modified":"2026-04-24T16:43:02","modified_gmt":"2026-04-24T16:43:02","slug":"comedero-de-colores","status":"publish","type":"product","link":"https:\/\/navihome.com.co\/\/producto\/comedero-de-colores\/","title":{"rendered":"Comedero De Colores"},"content":{"rendered":"<p><span style=\"font-weight: 400;\">&#8211; Material seguro y saludable: hecho de 100% cer\u00e1mica de porcelana y material de bamb\u00fa natural, libre de plomo y cadmio. Cer\u00e1mica de alta temperatura, no t\u00f3xica, inofensiva, sin olor, duradera. Saneamiento limpio, es \u00fatil para la salud de las mascotas.<\/span><span style=\"font-weight: 400;\"><br \/>\n<\/span><span style=\"font-weight: 400;\">&#8211; Altura ajustable: podemos obtener dos alturas diferentes volteando el soporte de bamb\u00fa, los cuencos elevados para gatos son perfectos para gatos y perros peque\u00f1os desde diferentes etapas de la infancia hasta la edad adulta, lo que es muy conveniente y pr\u00e1ctico.<\/span><span style=\"font-weight: 400;\"><br \/>\n<\/span><span style=\"font-weight: 400;\">&#8211; Dise\u00f1o ingenioso para alimentaci\u00f3n cient\u00edfica: los cuencos para mascotas lo suficientemente altos y los gatos no necesitan doblar demasiado la cabeza para alimentarlos, evita los v\u00f3mitos. Especialmente mejor para la digesti\u00f3n de los gatos mayores.<\/span><span style=\"font-weight: 400;\"><br \/>\n<\/span><span style=\"font-weight: 400;\">Soporte de madera antideslizante: el soporte de madera en los cuencos evita que los cuencos se deslicen, y pueden empujar la comida sin que los cuencos se empujen al suelo. El cuenco tiene un buen agarre que evita que el gato juguet\u00f3n mueva el taz\u00f3n f\u00e1cilmente.<\/span><span style=\"font-weight: 400;\"><br \/>\n<\/span><span style=\"font-weight: 400;\">&#8211; F\u00e1cil de lavar y apto para microondas: con superficie lisa bien seleccionada, ofrece comodidad adicional para lavar para un mejor uso la pr\u00f3xima vez. Apta para lavavajillas para una f\u00e1cil limpieza, los cuencos son f\u00e1ciles de mantener limpios e higi\u00e9nicos. Puedes poner el taz\u00f3n en el horno microondas para calentar la comida, de modo que tu mascota pueda comer alimentos calientes en climas fr\u00edos. Porque sabemos lo importante que es la salud de tus mascotas para ti.<\/span><\/p>\n","protected":false},"excerpt":{"rendered":"<p>&#8211; Material seguro y saludable: hecho de 100% cer\u00e1mica de porcelana y material de bamb\u00fa natural, libre de plomo y [&hellip;]<\/p>\n","protected":false},"featured_media":244,"comment_status":"open","ping_status":"closed","template":"","meta":{"site-sidebar-layout":"default","site-content-layout":"","ast-site-content-layout":"default","site-content-style":"default","site-sidebar-style":"default","ast-global-header-display":"","ast-banner-title-visibility":"","ast-main-header-display":"","ast-hfb-above-header-display":"","ast-hfb-below-header-display":"","ast-hfb-mobile-header-display":"","site-post-title":"","ast-breadcrumbs-content":"","ast-featured-img":"","footer-sml-layout":"","ast-disable-related-posts":"","theme-transparent-header-meta":"default","adv-header-id-meta":"","stick-header-meta":"","header-above-stick-meta":"","header-main-stick-meta":"","header-below-stick-meta":"","astra-migrate-meta-layouts":"set","ast-page-background-enabled":"default","ast-page-background-meta":{"desktop":{"background-color":"var(--ast-global-color-5)","background-image":"","background-repeat":"repeat","background-position":"center center","background-size":"auto","background-attachment":"scroll","background-type":"","background-media":"","overlay-type":"","overlay-color":"","overlay-opacity":"","overlay-gradient":""},"tablet":{"background-color":"","background-image":"","background-repeat":"repeat","background-position":"center center","background-size":"auto","background-attachment":"scroll","background-type":"","background-media":"","overlay-type":"","overlay-color":"","overlay-opacity":"","overlay-gradient":""},"mobile":{"background-color":"","background-image":"","background-repeat":"repeat","background-position":"center center","background-size":"auto","background-attachment":"scroll","background-type":"","background-media":"","overlay-type":"","overlay-color":"","overlay-opacity":"","overlay-gradient":""}},"ast-content-background-meta":{"desktop":{"background-color":"var(--ast-global-color-4)","background-image":"","background-repeat":"repeat","background-position":"center center","background-size":"auto","background-attachment":"scroll","background-type":"","background-media":"","overlay-type":"","overlay-color":"","overlay-opacity":"","overlay-gradient":""},"tablet":{"background-color":"var(--ast-global-color-4)","background-image":"","background-repeat":"repeat","background-position":"center center","background-size":"auto","background-attachment":"scroll","background-type":"","background-media":"","overlay-type":"","overlay-color":"","overlay-opacity":"","overlay-gradient":""},"mobile":{"background-color":"var(--ast-global-color-4)","background-image":"","background-repeat":"repeat","background-position":"center center","background-size":"auto","background-attachment":"scroll","background-type":"","background-media":"","overlay-type":"","overlay-color":"","overlay-opacity":"","overlay-gradient":""}}},"product_brand":[],"product_cat":[29],"product_tag":[],"class_list":{"0":"post-243","1":"product","2":"type-product","3":"status-publish","4":"has-post-thumbnail","6":"product_cat-mascotas","7":"desktop-align-left","8":"tablet-align-left","9":"mobile-align-left","11":"first","12":"instock","13":"shipping-taxable","14":"purchasable","15":"product-type-simple"},"_links":{"self":[{"href":"https:\/\/navihome.com.co\/\/wp-json\/wp\/v2\/product\/243","targetHints":{"allow":["GET"]}}],"collection":[{"href":"https:\/\/navihome.com.co\/\/wp-json\/wp\/v2\/product"}],"about":[{"href":"https:\/\/navihome.com.co\/\/wp-json\/wp\/v2\/types\/product"}],"replies":[{"embeddable":true,"href":"https:\/\/navihome.com.co\/\/wp-json\/wp\/v2\/comments?post=243"}],"wp:featuredmedia":[{"embeddable":true,"href":"https:\/\/navihome.com.co\/\/wp-json\/wp\/v2\/media\/244"}],"wp:attachment":[{"href":"https:\/\/navihome.com.co\/\/wp-json\/wp\/v2\/media?parent=243"}],"wp:term":[{"taxonomy":"product_brand","embeddable":true,"href":"https:\/\/navihome.com.co\/\/wp-json\/wp\/v2\/product_brand?post=243"},{"taxonomy":"product_cat","embeddable":true,"href":"https:\/\/navihome.com.co\/\/wp-json\/wp\/v2\/product_cat?post=243"},{"taxonomy":"product_tag","embeddable":true,"href":"https:\/\/navihome.com.co\/\/wp-json\/wp\/v2\/product_tag?post=243"}],"curies":[{"name":"wp","href":"https:\/\/api.w.org\/{rel}","templated":true}]}}